{"id":60,"date":"2020-06-21T10:05:07","date_gmt":"2020-06-21T08:05:07","guid":{"rendered":"http:\/\/www.web2020.zimsped.de\/?page_id=60"},"modified":"2025-01-14T10:05:56","modified_gmt":"2025-01-14T09:05:56","slug":"impressum","status":"publish","type":"page","link":"https:\/\/www.zimsped.de\/de_de\/impressum\/","title":{"rendered":"Impressum"},"content":{"rendered":"\t\t<div data-elementor-type=\"wp-page\" data-elementor-id=\"60\" class=\"elementor elementor-60\">\n\t\t\t\t\t\t<section class=\"elementor-section elementor-top-section elementor-element elementor-element-44cb35f elementor-section-full_width elementor-hidden-phone elementor-section-height-default elementor-section-height-default\" data-id=\"44cb35f\" data-element_type=\"section\" data-e-type=\"section\" data-settings=\"{&quot;background_background&quot;:&quot;classic&quot;}\">\n\t\t\t\t\t\t<div class=\"elementor-container elementor-column-gap-default\">\n\t\t\t\t\t<div class=\"elementor-column elementor-col-33 elementor-top-column elementor-element elementor-element-df70a46\" data-id=\"df70a46\" data-element_type=\"column\" data-e-type=\"column\" data-settings=\"{&quot;background_background&quot;:&quot;classic&quot;}\">\n\t\t\t<div class=\"elementor-widget-wrap elementor-element-populated\">\n\t\t\t\t\t\t<div class=\"elementor-element elementor-element-5edcaf3 elementor-widget elementor-widget-text-editor\" data-id=\"5edcaf3\" data-element_type=\"widget\" data-e-type=\"widget\" data-widget_type=\"text-editor.default\">\n\t\t\t\t<div class=\"elementor-widget-container\">\n\t\t\t\t\t\t\t\t\t<p>Tel. +49 8281\/99973410<br \/>Fax +49 8281\/99973419<\/p>\t\t\t\t\t\t\t\t<\/div>\n\t\t\t\t<\/div>\n\t\t\t\t\t<\/div>\n\t\t<\/div>\n\t\t\t\t<div class=\"elementor-column elementor-col-33 elementor-top-column elementor-element elementor-element-9ab1e9e\" data-id=\"9ab1e9e\" data-element_type=\"column\" data-e-type=\"column\">\n\t\t\t<div class=\"elementor-widget-wrap elementor-element-populated\">\n\t\t\t\t\t\t<div class=\"elementor-element elementor-element-9f7baf8 elementor-widget elementor-widget-text-editor\" data-id=\"9f7baf8\" data-element_type=\"widget\" data-e-type=\"widget\" data-widget_type=\"text-editor.default\">\n\t\t\t\t<div class=\"elementor-widget-container\">\n\t\t\t\t\t\t\t\t\t<p>ZimSped GmbH &#8211; Am Riedhofstr. 7 &#8211; DE-86470 Thannhausen<\/p>\t\t\t\t\t\t\t\t<\/div>\n\t\t\t\t<\/div>\n\t\t\t\t\t<\/div>\n\t\t<\/div>\n\t\t\t\t<div class=\"elementor-column elementor-col-33 elementor-top-column elementor-element elementor-element-0ea4b1d\" data-id=\"0ea4b1d\" data-element_type=\"column\" data-e-type=\"column\">\n\t\t\t<div class=\"elementor-widget-wrap elementor-element-populated\">\n\t\t\t\t\t\t<div class=\"elementor-element elementor-element-0b0471b elementor-widget elementor-widget-text-editor\" data-id=\"0b0471b\" data-element_type=\"widget\" data-e-type=\"widget\" data-widget_type=\"text-editor.default\">\n\t\t\t\t<div class=\"elementor-widget-container\">\n\t\t\t\t\t\t\t\t\t<p>info@zimsped.de<\/p>\t\t\t\t\t\t\t\t<\/div>\n\t\t\t\t<\/div>\n\t\t\t\t\t<\/div>\n\t\t<\/div>\n\t\t\t\t\t<\/div>\n\t\t<\/section>\n\t\t\t\t<section class=\"elementor-section elementor-top-section elementor-element elementor-element-d092f46 elementor-section-full_width elementor-section-height-default elementor-section-height-default\" data-id=\"d092f46\" data-element_type=\"section\" data-e-type=\"section\">\n\t\t\t\t\t\t<div class=\"elementor-container elementor-column-gap-default\">\n\t\t\t\t\t<div class=\"elementor-column elementor-col-50 elementor-top-column elementor-element elementor-element-aa2c14d\" data-id=\"aa2c14d\" data-element_type=\"column\" data-e-type=\"column\">\n\t\t\t<div class=\"elementor-widget-wrap elementor-element-populated\">\n\t\t\t\t\t\t<div class=\"elementor-element elementor-element-9bd0a6a elementor-widget elementor-widget-image\" data-id=\"9bd0a6a\" data-element_type=\"widget\" data-e-type=\"widget\" data-widget_type=\"image.default\">\n\t\t\t\t<div class=\"elementor-widget-container\">\n\t\t\t\t\t\t\t\t\t\t\t\t\t\t\t\t<a href=\"https:\/\/www.zimsped.de\/\">\n\t\t\t\t\t\t\t<img decoding=\"async\" width=\"300\" height=\"75\" src=\"https:\/\/www.zimsped.de\/wp-content\/uploads\/2020\/06\/ZimSped_LogoTransparent-300x75.png\" class=\"attachment-medium size-medium wp-image-21\" alt=\"\" srcset=\"https:\/\/www.zimsped.de\/wp-content\/uploads\/2020\/06\/ZimSped_LogoTransparent-300x75.png 300w, https:\/\/www.zimsped.de\/wp-content\/uploads\/2020\/06\/ZimSped_LogoTransparent-1024x256.png 1024w, https:\/\/www.zimsped.de\/wp-content\/uploads\/2020\/06\/ZimSped_LogoTransparent-768x192.png 768w, https:\/\/www.zimsped.de\/wp-content\/uploads\/2020\/06\/ZimSped_LogoTransparent-1536x384.png 1536w, https:\/\/www.zimsped.de\/wp-content\/uploads\/2020\/06\/ZimSped_LogoTransparent-2048x512.png 2048w, https:\/\/www.zimsped.de\/wp-content\/uploads\/2020\/06\/ZimSped_LogoTransparent-1200x300.png 1200w, https:\/\/www.zimsped.de\/wp-content\/uploads\/2020\/06\/ZimSped_LogoTransparent-1980x495.png 1980w\" sizes=\"(max-width: 300px) 100vw, 300px\" \/>\t\t\t\t\t\t\t\t<\/a>\n\t\t\t\t\t\t\t\t\t\t\t\t\t\t\t<\/div>\n\t\t\t\t<\/div>\n\t\t\t\t\t<\/div>\n\t\t<\/div>\n\t\t\t\t<div class=\"elementor-column elementor-col-50 elementor-top-column elementor-element elementor-element-13be933\" data-id=\"13be933\" data-element_type=\"column\" data-e-type=\"column\">\n\t\t\t<div class=\"elementor-widget-wrap elementor-element-populated\">\n\t\t\t\t\t\t<div class=\"elementor-element elementor-element-901deee elementor-invisible elementor-widget elementor-widget-heading\" data-id=\"901deee\" data-element_type=\"widget\" data-e-type=\"widget\" data-settings=\"{&quot;_animation&quot;:&quot;fadeInRight&quot;,&quot;_animation_delay&quot;:2}\" data-widget_type=\"heading.default\">\n\t\t\t\t<div class=\"elementor-widget-container\">\n\t\t\t\t\t<h3 class=\"elementor-heading-title elementor-size-default\">Ihr Transport<\/h3>\t\t\t\t<\/div>\n\t\t\t\t<\/div>\n\t\t\t\t<div class=\"elementor-element elementor-element-cfeea27 elementor-invisible elementor-widget elementor-widget-heading\" data-id=\"cfeea27\" data-element_type=\"widget\" data-e-type=\"widget\" data-settings=\"{&quot;_animation&quot;:&quot;fadeInRight&quot;,&quot;_animation_delay&quot;:5}\" data-widget_type=\"heading.default\">\n\t\t\t\t<div class=\"elementor-widget-container\">\n\t\t\t\t\t<h3 class=\"elementor-heading-title elementor-size-default\">sicher und zuverl\u00e4ssig abgewickelt<\/h3>\t\t\t\t<\/div>\n\t\t\t\t<\/div>\n\t\t\t\t\t<\/div>\n\t\t<\/div>\n\t\t\t\t\t<\/div>\n\t\t<\/section>\n\t\t\t\t<section class=\"elementor-section elementor-top-section elementor-element elementor-element-5c7d773 elementor-section-boxed elementor-section-height-default elementor-section-height-default\" data-id=\"5c7d773\" data-element_type=\"section\" data-e-type=\"section\">\n\t\t\t\t\t\t<div class=\"elementor-container elementor-column-gap-default\">\n\t\t\t\t\t<div class=\"elementor-column elementor-col-100 elementor-top-column elementor-element elementor-element-c3515e0\" data-id=\"c3515e0\" data-element_type=\"column\" data-e-type=\"column\" data-settings=\"{&quot;background_background&quot;:&quot;classic&quot;}\">\n\t\t\t<div class=\"elementor-widget-wrap elementor-element-populated\">\n\t\t\t\t\t\t<div class=\"elementor-element elementor-element-037a87e elementor-widget elementor-widget-text-editor\" data-id=\"037a87e\" data-element_type=\"widget\" data-e-type=\"widget\" data-widget_type=\"text-editor.default\">\n\t\t\t\t<div class=\"elementor-widget-container\">\n\t\t\t\t\t\t\t\t\t<div id=\"top\"><div><div><h2 style=\"text-align: left;\">Impressum<\/h2><h5 style=\"text-align: left;\">Angaben gem\u00e4\u00df \u00a7 5 Digitale-Dienste-Gesetz (DDG), (ehemals \u00a7 5 TMG):<\/h5><div><div><p style=\"text-align: left;\">ZimSped GmbH<br \/>Riedhofstrasse 7<br \/>86470 Thannhausen<\/p><h5 style=\"text-align: left;\">Vertreten durch:<\/h5><p style=\"text-align: left;\">Stefan Zimmermann<\/p><h5 style=\"text-align: left;\">Kontakt:<\/h5><p style=\"text-align: left;\">Telefon: +49 (0) 8281\/99973410<br \/>Telefax: +49 (0) 8281\/99973419<br \/>E-Mail: <span id=\"cloakda464466a56056ad6a275993cae2203f\"><a href=\"mailto:info@zimsped.de\">info@zimsped.de<\/a><\/span><\/p><h5 style=\"text-align: left;\">Registereintrag:<\/h5><p style=\"text-align: left;\">Eintragung im Handelsregister. <br \/>Registergericht:Memmingen <br \/>Registernummer: HRB 15948<\/p><h5 style=\"text-align: left;\">Umsatzsteuer:<\/h5><p style=\"text-align: left;\">Umsatzsteuer-Identifikationsnummer gem\u00e4\u00df \u00a727 a Umsatzsteuergesetz:<br \/>DE294811714<\/p><h5 style=\"text-align: left;\">Streitschlichtung<\/h5><p style=\"text-align: left;\">Wir sind nicht bereit oder verpflichtet, an Streitbeilegungsverfahren vor einer Verbraucherschlichtungsstelle teilzunehmen.<\/p><h5 style=\"text-align: left;\">Haftung f\u00fcr Inhalte<\/h5><p style=\"text-align: left;\">Als Diensteanbieter sind wir gem\u00e4\u00df \u00a7 7 Abs.1 TMG f\u00fcr eigene Inhalte auf diesen Seiten nach den allgemeinen Gesetzen verantwortlich. Nach \u00a7\u00a7 8 bis 10 TMG sind wir als Diensteanbieter jedoch nicht verpflichtet, \u00fcbermittelte oder gespeicherte fremde Informationen zu \u00fcberwachen oder nach Umst\u00e4nden zu forschen, die auf eine rechtswidrige T\u00e4tigkeit hinweisen.<\/p><p style=\"text-align: left;\">Verpflichtungen zur Entfernung oder Sperrung der Nutzung von Informationen nach den allgemeinen Gesetzen bleiben hiervon unber\u00fchrt. Eine diesbez\u00fcgliche Haftung ist jedoch erst ab dem Zeitpunkt der Kenntnis einer konkreten Rechtsverletzung m\u00f6glich. Bei Bekanntwerden von entsprechenden Rechtsverletzungen werden wir diese Inhalte umgehend entfernen.<\/p><h5 style=\"text-align: left;\">Haftung f\u00fcr Links<\/h5><p style=\"text-align: left;\">Unser Angebot enth\u00e4lt Links zu externen Websites Dritter, auf deren Inhalte wir keinen Einfluss haben. Deshalb k\u00f6nnen wir f\u00fcr diese fremden Inhalte auch keine Gew\u00e4hr \u00fcbernehmen. F\u00fcr die Inhalte der verlinkten Seiten ist stets der jeweilige Anbieter oder Betreiber der Seiten verantwortlich. Die verlinkten Seiten wurden zum Zeitpunkt der Verlinkung auf m\u00f6gliche Rechtsverst\u00f6\u00dfe \u00fcberpr\u00fcft. Rechtswidrige Inhalte waren zum Zeitpunkt der Verlinkung nicht erkennbar.<\/p><p style=\"text-align: left;\">Eine permanente inhaltliche Kontrolle der verlinkten Seiten ist jedoch ohne konkrete Anhaltspunkte einer Rechtsverletzung nicht zumutbar. Bei Bekanntwerden von Rechtsverletzungen werden wir derartige Links umgehend entfernen.<\/p><h5 style=\"text-align: left;\">Urheberrecht<\/h5><p style=\"text-align: left;\">Die durch die Seitenbetreiber erstellten Inhalte und Werke auf diesen Seiten unterliegen dem deutschen Urheberrecht. Die Vervielf\u00e4ltigung, Bearbeitung, Verbreitung und jede Art der Verwertung au\u00dferhalb der Grenzen des Urheberrechtes bed\u00fcrfen der schriftlichen Zustimmung des jeweiligen Autors bzw. Erstellers. Downloads und Kopien dieser Seite sind nur f\u00fcr den privaten, nicht kommerziellen Gebrauch gestattet.<\/p><p style=\"text-align: left;\">Soweit die Inhalte auf dieser Seite nicht vom Betreiber erstellt wurden, werden die Urheberrechte Dritter beachtet. Insbesondere werden Inhalte Dritter als solche gekennzeichnet. Sollten Sie trotzdem auf eine Urheberrechtsverletzung aufmerksam werden, bitten wir um einen entsprechenden Hinweis. Bei Bekanntwerden von Rechtsverletzungen werden wir derartige Inhalte umgehend entfernen.<\/p><h2 style=\"text-align: left;\">Site Notice<\/h2><h5 style=\"text-align: left;\">Information according to \u00a7 5 Digital Services Act (DDG), (formerly \u00a7 5 TMG):<\/h5><p style=\"text-align: left;\">ZimSped GmbH<br \/>Riedhofstrasse 7<br \/>DE-86470 Thannhausen<\/p><h5 style=\"text-align: left;\">Represented by:<\/h5><p style=\"text-align: left;\">Stefan Zimmermann<\/p><h5 style=\"text-align: left;\">Contact:<\/h5><p style=\"text-align: left;\">Telephone: +49 (0) 8281\/99973410<br \/>Telefax: +49 (0) 8281\/99973419<br \/>Email: <span id=\"cloakb0d8e7afe5e9cc4cf12b12090047348c\"><a href=\"mailto:info@zimsped.de\">info@zimsped.de<\/a><\/span><\/p><h5 style=\"text-align: left;\">Register entry:<\/h5><p style=\"text-align: left;\">Entry in the Handelsregister. <br \/>Registering court:Memmingen <br \/>Registration number: HRB 15948<\/p><h5 style=\"text-align: left;\">VAT:<\/h5><p style=\"text-align: left;\">VAT Id number according to Sec. 27 a German Value Added Tax Act:<br \/>DE294811714<\/p><h5 style=\"text-align: left;\">Dispute resolution<\/h5><p style=\"text-align: left;\">We do not take part in online dispute resolutions at consumer arbitration boards.<\/p><h5 style=\"text-align: left;\">Liability for Contents<\/h5><p style=\"text-align: left;\">As service providers, we are liable for own contents of these websites according to Sec. 7, paragraph 1 German Telemedia Act (TMG). However, according to Sec. 8 to 10 German Telemedia Act (TMG), service providers are not obligated to permanently monitor submitted or stored information or to search for evidences that indicate illegal activities.<\/p><p style=\"text-align: left;\">Legal obligations to removing information or to blocking the use of information remain unchallenged. In this case, liability is only possible at the time of knowledge about a specific violation of law. Illegal contents will be removed immediately at the time we get knowledge of them.<\/p><h5 style=\"text-align: left;\">Liability for Links<\/h5><p style=\"text-align: left;\">Our offer includes links to external third party websites. We have no influence on the contents of those websites, therefore we cannot guarantee for those contents. Providers or administrators of linked websites are always responsible for their own contents.<\/p><p style=\"text-align: left;\">The linked websites had been checked for possible violations of law at the time of the establishment of the link. Illegal contents were not detected at the time of the linking. A permanent monitoring of the contents of linked websites cannot be imposed without reasonable indications that there has been a violation of law. Illegal links will be removed immediately at the time we get knowledge of them.<\/p><h5 style=\"text-align: left;\">Copyright<\/h5><p style=\"text-align: left;\">Contents and compilations published on these websites by the providers are subject to German copyright laws. Reproduction, editing, distribution as well as the use of any kind outside the scope of the copyright law require a written permission of the author or originator. Downloads and copies of these websites are permitted for private use only.<br \/>The commercial use of our contents without permission of the originator is prohibited.<\/p><p style=\"text-align: left;\">Copyright laws of third parties are respected as long as the contents on these websites do not originate from the provider. Contributions of third parties on this site are indicated as such. However, if you notice any violations of copyright law, please inform us. Such contents will be removed immediately.<\/p><\/div><\/div><\/div><\/div><\/div><div id=\"redim-cookiehint\"><p style=\"text-align: left;\">\u00a0<\/p><\/div>\t\t\t\t\t\t\t\t<\/div>\n\t\t\t\t<\/div>\n\t\t\t\t\t<\/div>\n\t\t<\/div>\n\t\t\t\t\t<\/div>\n\t\t<\/section>\n\t\t\t\t<section class=\"elementor-section elementor-top-section elementor-element elementor-element-a6d4a91 elementor-section-boxed elementor-section-height-default elementor-section-height-default\" data-id=\"a6d4a91\" data-element_type=\"section\" data-e-type=\"section\">\n\t\t\t\t\t\t<div class=\"elementor-container elementor-column-gap-default\">\n\t\t\t\t\t<div class=\"elementor-column elementor-col-100 elementor-top-column elementor-element elementor-element-1473696\" data-id=\"1473696\" data-element_type=\"column\" data-e-type=\"column\">\n\t\t\t<div class=\"elementor-widget-wrap elementor-element-populated\">\n\t\t\t\t\t\t<div class=\"elementor-element elementor-element-dd16c97 elementor-widget elementor-widget-text-editor\" data-id=\"dd16c97\" data-element_type=\"widget\" data-e-type=\"widget\" data-widget_type=\"text-editor.default\">\n\t\t\t\t<div class=\"elementor-widget-container\">\n\t\t\t\t\t\t\t\t\t<p><a href=\"https:\/\/www.zimsped.de\/impressum\/\">Impressum<\/a> &#8211; <a href=\"https:\/\/www.zimsped.de\/datenschutz\/\">Datenschutz<\/a><\/p>\t\t\t\t\t\t\t\t<\/div>\n\t\t\t\t<\/div>\n\t\t\t\t\t<\/div>\n\t\t<\/div>\n\t\t\t\t\t<\/div>\n\t\t<\/section>\n\t\t\t\t<\/div>\n\t\t","protected":false},"excerpt":{"rendered":"<p>Tel. +49 8281\/99973410Fax +49 8281\/99973419 ZimSped GmbH &#8211; Am Riedhofstr. 7 &#8211; DE-86470 Thannhausen info@zimsped.de Ihr Transport sicher und zuverl\u00e4ssig abgewickelt Impressum Angaben gem\u00e4\u00df \u00a7 5 Digitale-Dienste-Gesetz (DDG), (ehemals \u00a7 5 TMG): ZimSped GmbHRiedhofstrasse 786470 Thannhausen Vertreten durch: Stefan Zimmermann Kontakt: Telefon: +49 (0) 8281\/99973410Telefax: +49 (0) 8281\/99973419E-Mail: info@zimsped.de Registereintrag: Eintragung im Handelsregister. Registergericht:Memmingen Registernummer: [&hellip;]<\/p>\n","protected":false},"author":1,"featured_media":0,"parent":0,"menu_order":0,"comment_status":"closed","ping_status":"closed","template":"elementor_canvas","meta":{"footnotes":""},"class_list":["post-60","page","type-page","status-publish","hentry"],"yoast_head":"<!-- This site is optimized with the Yoast SEO plugin v27.4 - https:\/\/yoast.com\/product\/yoast-seo-wordpress\/ -->\n<title>Impressum - ZimSped GmbH Transport - Logistik<\/title>\n<meta name=\"robots\" content=\"index, follow, max-snippet:-1, max-image-preview:large, max-video-preview:-1\" \/>\n<link rel=\"canonical\" href=\"https:\/\/www.zimsped.de\/de_de\/impressum\/\" \/>\n<meta property=\"og:locale\" content=\"de_DE\" \/>\n<meta property=\"og:type\" content=\"article\" \/>\n<meta property=\"og:title\" content=\"Impressum - ZimSped GmbH Transport - Logistik\" \/>\n<meta property=\"og:description\" content=\"Tel. +49 8281\/99973410Fax +49 8281\/99973419 ZimSped GmbH &#8211; Am Riedhofstr. 7 &#8211; DE-86470 Thannhausen info@zimsped.de Ihr Transport sicher und zuverl\u00e4ssig abgewickelt Impressum Angaben gem\u00e4\u00df \u00a7 5 Digitale-Dienste-Gesetz (DDG), (ehemals \u00a7 5 TMG): ZimSped GmbHRiedhofstrasse 786470 Thannhausen Vertreten durch: Stefan Zimmermann Kontakt: Telefon: +49 (0) 8281\/99973410Telefax: +49 (0) 8281\/99973419E-Mail: info@zimsped.de Registereintrag: Eintragung im Handelsregister. Registergericht:Memmingen Registernummer: [&hellip;]\" \/>\n<meta property=\"og:url\" content=\"https:\/\/www.zimsped.de\/de_de\/impressum\/\" \/>\n<meta property=\"og:site_name\" content=\"ZimSped GmbH Transport - Logistik\" \/>\n<meta property=\"article:modified_time\" content=\"2025-01-14T09:05:56+00:00\" \/>\n<meta property=\"og:image\" content=\"https:\/\/www.zimsped.de\/wp-content\/uploads\/2020\/06\/ZimSped_LogoTransparent.png\" \/>\n\t<meta property=\"og:image:width\" content=\"2109\" \/>\n\t<meta property=\"og:image:height\" content=\"527\" \/>\n\t<meta property=\"og:image:type\" content=\"image\/png\" \/>\n<meta name=\"twitter:card\" content=\"summary_large_image\" \/>\n<meta name=\"twitter:label1\" content=\"Gesch\u00e4tzte Lesezeit\" \/>\n\t<meta name=\"twitter:data1\" content=\"5\u00a0Minuten\" \/>\n<script type=\"application\/ld+json\" class=\"yoast-schema-graph\">{\"@context\":\"https:\\\/\\\/schema.org\",\"@graph\":[{\"@type\":\"WebPage\",\"@id\":\"https:\\\/\\\/www.zimsped.de\\\/impressum\\\/\",\"url\":\"https:\\\/\\\/www.zimsped.de\\\/impressum\\\/\",\"name\":\"Impressum - ZimSped GmbH Transport - Logistik\",\"isPartOf\":{\"@id\":\"http:\\\/\\\/www.zimsped.de\\\/de_de\\\/#website\"},\"primaryImageOfPage\":{\"@id\":\"https:\\\/\\\/www.zimsped.de\\\/impressum\\\/#primaryimage\"},\"image\":{\"@id\":\"https:\\\/\\\/www.zimsped.de\\\/impressum\\\/#primaryimage\"},\"thumbnailUrl\":\"https:\\\/\\\/www.zimsped.de\\\/wp-content\\\/uploads\\\/2020\\\/06\\\/ZimSped_LogoTransparent-300x75.png\",\"datePublished\":\"2020-06-21T08:05:07+00:00\",\"dateModified\":\"2025-01-14T09:05:56+00:00\",\"breadcrumb\":{\"@id\":\"https:\\\/\\\/www.zimsped.de\\\/impressum\\\/#breadcrumb\"},\"inLanguage\":\"de\",\"potentialAction\":[{\"@type\":\"ReadAction\",\"target\":[\"https:\\\/\\\/www.zimsped.de\\\/impressum\\\/\"]}]},{\"@type\":\"ImageObject\",\"inLanguage\":\"de\",\"@id\":\"https:\\\/\\\/www.zimsped.de\\\/impressum\\\/#primaryimage\",\"url\":\"https:\\\/\\\/www.zimsped.de\\\/wp-content\\\/uploads\\\/2020\\\/06\\\/ZimSped_LogoTransparent-300x75.png\",\"contentUrl\":\"https:\\\/\\\/www.zimsped.de\\\/wp-content\\\/uploads\\\/2020\\\/06\\\/ZimSped_LogoTransparent-300x75.png\"},{\"@type\":\"BreadcrumbList\",\"@id\":\"https:\\\/\\\/www.zimsped.de\\\/impressum\\\/#breadcrumb\",\"itemListElement\":[{\"@type\":\"ListItem\",\"position\":1,\"name\":\"Startseite\",\"item\":\"https:\\\/\\\/www.zimsped.de\\\/\"},{\"@type\":\"ListItem\",\"position\":2,\"name\":\"Impressum\"}]},{\"@type\":\"WebSite\",\"@id\":\"http:\\\/\\\/www.zimsped.de\\\/de_de\\\/#website\",\"url\":\"http:\\\/\\\/www.zimsped.de\\\/de_de\\\/\",\"name\":\"ZimSped GmbH Transport - Logistik\",\"description\":\"Europaweite Transporte mit Schubboden und Planenaufliegern\",\"publisher\":{\"@id\":\"http:\\\/\\\/www.zimsped.de\\\/de_de\\\/#organization\"},\"potentialAction\":[{\"@type\":\"SearchAction\",\"target\":{\"@type\":\"EntryPoint\",\"urlTemplate\":\"http:\\\/\\\/www.zimsped.de\\\/de_de\\\/?s={search_term_string}\"},\"query-input\":{\"@type\":\"PropertyValueSpecification\",\"valueRequired\":true,\"valueName\":\"search_term_string\"}}],\"inLanguage\":\"de\"},{\"@type\":\"Organization\",\"@id\":\"http:\\\/\\\/www.zimsped.de\\\/de_de\\\/#organization\",\"name\":\"ZimSped GmbH\",\"url\":\"http:\\\/\\\/www.zimsped.de\\\/de_de\\\/\",\"logo\":{\"@type\":\"ImageObject\",\"inLanguage\":\"de\",\"@id\":\"http:\\\/\\\/www.zimsped.de\\\/de_de\\\/#\\\/schema\\\/logo\\\/image\\\/\",\"url\":\"https:\\\/\\\/www.zimsped.de\\\/wp-content\\\/uploads\\\/2020\\\/06\\\/ZimSped_LogoTransparent.png\",\"contentUrl\":\"https:\\\/\\\/www.zimsped.de\\\/wp-content\\\/uploads\\\/2020\\\/06\\\/ZimSped_LogoTransparent.png\",\"width\":2109,\"height\":527,\"caption\":\"ZimSped GmbH\"},\"image\":{\"@id\":\"http:\\\/\\\/www.zimsped.de\\\/de_de\\\/#\\\/schema\\\/logo\\\/image\\\/\"}}]}<\/script>\n<!-- \/ Yoast SEO plugin. -->","yoast_head_json":{"title":"Impressum - ZimSped GmbH Transport - Logistik","robots":{"index":"index","follow":"follow","max-snippet":"max-snippet:-1","max-image-preview":"max-image-preview:large","max-video-preview":"max-video-preview:-1"},"canonical":"https:\/\/www.zimsped.de\/de_de\/impressum\/","og_locale":"de_DE","og_type":"article","og_title":"Impressum - ZimSped GmbH Transport - Logistik","og_description":"Tel. +49 8281\/99973410Fax +49 8281\/99973419 ZimSped GmbH &#8211; Am Riedhofstr. 7 &#8211; DE-86470 Thannhausen info@zimsped.de Ihr Transport sicher und zuverl\u00e4ssig abgewickelt Impressum Angaben gem\u00e4\u00df \u00a7 5 Digitale-Dienste-Gesetz (DDG), (ehemals \u00a7 5 TMG): ZimSped GmbHRiedhofstrasse 786470 Thannhausen Vertreten durch: Stefan Zimmermann Kontakt: Telefon: +49 (0) 8281\/99973410Telefax: +49 (0) 8281\/99973419E-Mail: info@zimsped.de Registereintrag: Eintragung im Handelsregister. Registergericht:Memmingen Registernummer: [&hellip;]","og_url":"https:\/\/www.zimsped.de\/de_de\/impressum\/","og_site_name":"ZimSped GmbH Transport - Logistik","article_modified_time":"2025-01-14T09:05:56+00:00","og_image":[{"width":2109,"height":527,"url":"https:\/\/www.zimsped.de\/wp-content\/uploads\/2020\/06\/ZimSped_LogoTransparent.png","type":"image\/png"}],"twitter_card":"summary_large_image","twitter_misc":{"Gesch\u00e4tzte Lesezeit":"5\u00a0Minuten"},"schema":{"@context":"https:\/\/schema.org","@graph":[{"@type":"WebPage","@id":"https:\/\/www.zimsped.de\/impressum\/","url":"https:\/\/www.zimsped.de\/impressum\/","name":"Impressum - ZimSped GmbH Transport - Logistik","isPartOf":{"@id":"http:\/\/www.zimsped.de\/de_de\/#website"},"primaryImageOfPage":{"@id":"https:\/\/www.zimsped.de\/impressum\/#primaryimage"},"image":{"@id":"https:\/\/www.zimsped.de\/impressum\/#primaryimage"},"thumbnailUrl":"https:\/\/www.zimsped.de\/wp-content\/uploads\/2020\/06\/ZimSped_LogoTransparent-300x75.png","datePublished":"2020-06-21T08:05:07+00:00","dateModified":"2025-01-14T09:05:56+00:00","breadcrumb":{"@id":"https:\/\/www.zimsped.de\/impressum\/#breadcrumb"},"inLanguage":"de","potentialAction":[{"@type":"ReadAction","target":["https:\/\/www.zimsped.de\/impressum\/"]}]},{"@type":"ImageObject","inLanguage":"de","@id":"https:\/\/www.zimsped.de\/impressum\/#primaryimage","url":"https:\/\/www.zimsped.de\/wp-content\/uploads\/2020\/06\/ZimSped_LogoTransparent-300x75.png","contentUrl":"https:\/\/www.zimsped.de\/wp-content\/uploads\/2020\/06\/ZimSped_LogoTransparent-300x75.png"},{"@type":"BreadcrumbList","@id":"https:\/\/www.zimsped.de\/impressum\/#breadcrumb","itemListElement":[{"@type":"ListItem","position":1,"name":"Startseite","item":"https:\/\/www.zimsped.de\/"},{"@type":"ListItem","position":2,"name":"Impressum"}]},{"@type":"WebSite","@id":"http:\/\/www.zimsped.de\/de_de\/#website","url":"http:\/\/www.zimsped.de\/de_de\/","name":"ZimSped GmbH Transport - Logistik","description":"Europaweite Transporte mit Schubboden und Planenaufliegern","publisher":{"@id":"http:\/\/www.zimsped.de\/de_de\/#organization"},"potentialAction":[{"@type":"SearchAction","target":{"@type":"EntryPoint","urlTemplate":"http:\/\/www.zimsped.de\/de_de\/?s={search_term_string}"},"query-input":{"@type":"PropertyValueSpecification","valueRequired":true,"valueName":"search_term_string"}}],"inLanguage":"de"},{"@type":"Organization","@id":"http:\/\/www.zimsped.de\/de_de\/#organization","name":"ZimSped GmbH","url":"http:\/\/www.zimsped.de\/de_de\/","logo":{"@type":"ImageObject","inLanguage":"de","@id":"http:\/\/www.zimsped.de\/de_de\/#\/schema\/logo\/image\/","url":"https:\/\/www.zimsped.de\/wp-content\/uploads\/2020\/06\/ZimSped_LogoTransparent.png","contentUrl":"https:\/\/www.zimsped.de\/wp-content\/uploads\/2020\/06\/ZimSped_LogoTransparent.png","width":2109,"height":527,"caption":"ZimSped GmbH"},"image":{"@id":"http:\/\/www.zimsped.de\/de_de\/#\/schema\/logo\/image\/"}}]}},"_links":{"self":[{"href":"https:\/\/www.zimsped.de\/de_de\/wp-json\/wp\/v2\/pages\/60","targetHints":{"allow":["GET"]}}],"collection":[{"href":"https:\/\/www.zimsped.de\/de_de\/wp-json\/wp\/v2\/pages"}],"about":[{"href":"https:\/\/www.zimsped.de\/de_de\/wp-json\/wp\/v2\/types\/page"}],"author":[{"embeddable":true,"href":"https:\/\/www.zimsped.de\/de_de\/wp-json\/wp\/v2\/users\/1"}],"replies":[{"embeddable":true,"href":"https:\/\/www.zimsped.de\/de_de\/wp-json\/wp\/v2\/comments?post=60"}],"version-history":[{"count":27,"href":"https:\/\/www.zimsped.de\/de_de\/wp-json\/wp\/v2\/pages\/60\/revisions"}],"predecessor-version":[{"id":181,"href":"https:\/\/www.zimsped.de\/de_de\/wp-json\/wp\/v2\/pages\/60\/revisions\/181"}],"wp:attachment":[{"href":"https:\/\/www.zimsped.de\/de_de\/wp-json\/wp\/v2\/media?parent=60"}],"curies":[{"name":"wp","href":"https:\/\/api.w.org\/{rel}","templated":true}]}}